{"id":251,"date":"2014-08-03T17:39:17","date_gmt":"2014-08-03T17:39:17","guid":{"rendered":"http:\/\/kasulikkoolitus.ee\/prezi-ekursus\/?page_id=251"},"modified":"2014-08-03T17:39:55","modified_gmt":"2014-08-03T17:39:55","slug":"kontakt-2","status":"publish","type":"page","link":"https:\/\/kasulikkoolitus.ee\/prezi-ekursus\/_peamenuu\/kontakt-2\/","title":{"rendered":"Kontakt"},"content":{"rendered":"<p><a href=\"http:\/\/kehameelekool.ee\/\">KehaMeeleKool O\u00dc<\/a><strong><br \/>\n<\/strong>R\u00fc\u00fctli 4, 51007 Tartu<br \/>\nA\/a 17002331786<br \/>\nRegistrikood 11670554<\/p>\n<p>Asko Uri<br \/>\nE-post\u00a0<a href=\"mailto: asko@kasulikkoolitus.ee\">asko@kasulikkoolitus.ee<br \/>\n<\/a>Tel: 55657400<br \/>\nSkype: askouri<\/p>\n","protected":false},"excerpt":{"rendered":"<p>KehaMeeleKool O\u00dc R\u00fc\u00fctli 4, 51007 Tartu A\/a 17002331786 Registrikood 11670554 Asko Uri E-post\u00a0asko@kasulikkoolitus.ee Tel: 55657400 Skype: askouri<\/p>\n","protected":false},"author":166,"featured_media":0,"parent":245,"menu_order":0,"comment_status":"closed","ping_status":"open","template":"","meta":{"_mi_skip_tracking":false,"_monsterinsights_sitenote_active":false,"_monsterinsights_sitenote_note":"","_monsterinsights_sitenote_category":0},"_links":{"self":[{"href":"https:\/\/kasulikkoolitus.ee\/prezi-ekursus\/wp-json\/wp\/v2\/pages\/251"}],"collection":[{"href":"https:\/\/kasulikkoolitus.ee\/prezi-ekursus\/wp-json\/wp\/v2\/pages"}],"about":[{"href":"https:\/\/kasulikkoolitus.ee\/prezi-ekursus\/wp-json\/wp\/v2\/types\/page"}],"author":[{"embeddable":true,"href":"https:\/\/kasulikkoolitus.ee\/prezi-ekursus\/wp-json\/wp\/v2\/users\/166"}],"replies":[{"embeddable":true,"href":"https:\/\/kasulikkoolitus.ee\/prezi-ekursus\/wp-json\/wp\/v2\/comments?post=251"}],"version-history":[{"count":1,"href":"https:\/\/kasulikkoolitus.ee\/prezi-ekursus\/wp-json\/wp\/v2\/pages\/251\/revisions"}],"predecessor-version":[{"id":252,"href":"https:\/\/kasulikkoolitus.ee\/prezi-ekursus\/wp-json\/wp\/v2\/pages\/251\/revisions\/252"}],"up":[{"embeddable":true,"href":"https:\/\/kasulikkoolitus.ee\/prezi-ekursus\/wp-json\/wp\/v2\/pages\/245"}],"wp:attachment":[{"href":"https:\/\/kasulikkoolitus.ee\/prezi-ekursus\/wp-json\/wp\/v2\/media?parent=251"}],"curies":[{"name":"wp","href":"https:\/\/api.w.org\/{rel}","templated":true}]}}