{"id":247,"date":"2014-08-03T17:38:18","date_gmt":"2014-08-03T17:38:18","guid":{"rendered":"http:\/\/kasulikkoolitus.ee\/prezi-ekursus\/?page_id=247"},"modified":"2015-07-30T13:13:16","modified_gmt":"2015-07-30T13:13:16","slug":"preziga-esitluste-loomise-e-kursus","status":"publish","type":"page","link":"https:\/\/kasulikkoolitus.ee\/prezi-ekursus\/","title":{"rendered":"Tere tulemast kasutama Preziga esitluse loomise e-kursust!"},"content":{"rendered":"<div style=\"width: 665px;\" class=\"wp-video\"><!--[if lt IE 9]><script>document.createElement('video');<\/script><![endif]-->\n<video class=\"wp-video-shortcode\" id=\"video-247-1\" width=\"665\" height=\"373\" preload=\"metadata\" controls=\"controls\"><source type=\"video\/mp4\" src=\"http:\/\/kasulikkoolitus.ee\/prezi-ekursus\/wp-content\/uploads\/2014\/08\/intro-prezi-uus-10.mp4?_=1\" \/><a href=\"http:\/\/kasulikkoolitus.ee\/prezi-ekursus\/wp-content\/uploads\/2014\/08\/intro-prezi-uus-10.mp4\">http:\/\/kasulikkoolitus.ee\/prezi-ekursus\/wp-content\/uploads\/2014\/08\/intro-prezi-uus-10.mp4<\/a><\/video><\/div>\n<p>&nbsp;<\/p>\n<p><strong style=\"color: #444444;\">Videote vaatamiseks on vajalik kasutajakonto olemasolu ja sisselogimine.\u00a0<\/strong>Probleemide v\u00f5i k\u00fcsimuste korral palun kirjuta\u00a0<a style=\"color: #444444;\" href=\"mailto:%20asko@kasulikkoolitus.ee\">asko@kasulikkoolitus.ee<\/a>.<\/p>\n<p>Preziga esitluse koostamise \u00f5petused on esitatud 42 videos, kogukestvusega 1 tund ja 46 minutit.<\/p>\n<p><strong>Alustamiseks\u00a0vali paremast men\u00fc\u00fcst soovitud\u00a0teema ja selle alt video.\u00a0<\/strong>Soovitav on vaadata videosid \u00fcleekraani vaates (video all ribal parempoolne nupp).<\/p>\n<p><strong>NB!<\/strong> Videod ei pruugi alati t\u00f6\u00f6tada k\u00f5igi veebilehitsejate\u00a0korral (sellisel juhul proovi leht uuesti avada m\u00f5ne teise veebilehitsejaga v\u00f5i olemasoleva veebilehitseja uuema versiooniga).<\/p>\n<p>Tagasiside ja k\u00fcsimused on alati oodatud!<br \/>\n<span style=\"color: #444444;\">Asko Uri<\/span><br style=\"color: #444444;\" \/><span style=\"color: #444444;\">E-post:\u00a0<\/span><a style=\"color: #444444;\" href=\"mailto: asko@kasulikkoolitus.ee\">asko@kasulikkoolitus.ee<br \/>\n<\/a><span style=\"color: #444444;\">Tel: 55657400<\/span><\/p>\n<p><a href=\"http:\/\/kasulikkoolitus.ee\/esitluste-loomise-koolitus\/koolituse-tutvustus\/\" target=\"_blank\">Preziga esitluse loomise koolituse kohta loe l\u00e4hemalt siit<\/a><\/p>\n","protected":false},"excerpt":{"rendered":"<p>&nbsp; Videote vaatamiseks on vajalik kasutajakonto olemasolu ja sisselogimine.\u00a0Probleemide v\u00f5i k\u00fcsimuste korral palun kirjuta\u00a0asko@kasulikkoolitus.ee. Preziga esitluse koostamise \u00f5petused on esitatud 42 videos, kogukestvusega 1 tund ja 46 minutit. Alustamiseks\u00a0vali paremast men\u00fc\u00fcst soovitud\u00a0teema ja selle alt video.\u00a0Soovitav on vaadata videosid \u00fcleekraani vaates (video all ribal parempoolne nupp). NB! Videod ei pruugi alati t\u00f6\u00f6tada k\u00f5igi veebilehitsejate\u00a0korral (sellisel [&hellip;]<\/p>\n","protected":false},"author":166,"featured_media":0,"parent":245,"menu_order":0,"comment_status":"closed","ping_status":"open","template":"","meta":{"_mi_skip_tracking":false,"_monsterinsights_sitenote_active":false,"_monsterinsights_sitenote_note":"","_monsterinsights_sitenote_category":0},"_links":{"self":[{"href":"https:\/\/kasulikkoolitus.ee\/prezi-ekursus\/wp-json\/wp\/v2\/pages\/247"}],"collection":[{"href":"https:\/\/kasulikkoolitus.ee\/prezi-ekursus\/wp-json\/wp\/v2\/pages"}],"about":[{"href":"https:\/\/kasulikkoolitus.ee\/prezi-ekursus\/wp-json\/wp\/v2\/types\/page"}],"author":[{"embeddable":true,"href":"https:\/\/kasulikkoolitus.ee\/prezi-ekursus\/wp-json\/wp\/v2\/users\/166"}],"replies":[{"embeddable":true,"href":"https:\/\/kasulikkoolitus.ee\/prezi-ekursus\/wp-json\/wp\/v2\/comments?post=247"}],"version-history":[{"count":24,"href":"https:\/\/kasulikkoolitus.ee\/prezi-ekursus\/wp-json\/wp\/v2\/pages\/247\/revisions"}],"predecessor-version":[{"id":591,"href":"https:\/\/kasulikkoolitus.ee\/prezi-ekursus\/wp-json\/wp\/v2\/pages\/247\/revisions\/591"}],"up":[{"embeddable":true,"href":"https:\/\/kasulikkoolitus.ee\/prezi-ekursus\/wp-json\/wp\/v2\/pages\/245"}],"wp:attachment":[{"href":"https:\/\/kasulikkoolitus.ee\/prezi-ekursus\/wp-json\/wp\/v2\/media?parent=247"}],"curies":[{"name":"wp","href":"https:\/\/api.w.org\/{rel}","templated":true}]}}